{"id":2112,"date":"2023-07-13T08:42:06","date_gmt":"2023-07-13T08:42:06","guid":{"rendered":"https:\/\/www.medico-eng.com\/mediprema\/"},"modified":"2023-09-28T09:15:50","modified_gmt":"2023-09-28T09:15:50","slug":"mediprema","status":"publish","type":"page","link":"https:\/\/www.medico-eng.com\/en\/representations\/mediprema\/","title":{"rendered":"M\u00e9dipr\u00e9ma"},"content":{"rendered":"<section class=\"wpb-content-wrapper\"><p>[vc_row full_width=&#8221;stretch_row_content_no_spaces&#8221; el_class=&#8221;sp-page-title&#8221;][vc_column]\t\t\n\t\t\t\t<div class=\"title-banner\" style=\"background-image: linear-gradient(to right, rgba(3, 64, 137, 0) 0%, rgba(67, 122, 190, 0) 60%, rgba(48, 219, 208, 0) 100%),url();\">\n\t\t\t<div class=\"container\">\n\t\t\t\t<div class=\"breadcrumbs-container\">\n\t\t\t\t\t\t<div class=\"breadcrumbs\">\n\t\t\t\t\t\t\t\n\t<ul class=\"ns-breadcrumbs\">\n\t\t\t<li><a href=\"https:\/\/www.medico-eng.com\/en\/\">Home<\/a><\/li>\n\t\t\t\t\t<li><a href=\"https:\/\/www.medico-eng.com\/en\/representations\/\">Representations<\/a><\/li>\n\t\t\t\t<li>M\u00e9dipr\u00e9ma<\/li>\n\t<\/ul>\n\t\n\t\t\t\t\t\t\t\t<div class=\"clearfix\"><\/div>\n\t\t\t\t\t\t<\/div>\n\t\t\t\t<\/div>\n\t\t\t\t\t\t\t\t\t<h1 class=\"entry-title\">M\u00e9dipr\u00e9ma<\/h1>\n\t\t\t\t\t\t\t\t\t\t\t<\/div>\n\t\t<\/div>\n\n\t\t[\/vc_column][\/vc_row][vc_row el_class=&#8221;sp-intro-brand&#8221;][vc_column width=&#8221;5\/6&#8243; el_class=&#8221;c1&#8243;][vc_column_text]Podjetje Mediprema je specializirano za medicinsko podro\u010dje neonatalne terapije. Oblikuje, proizvaja in distribuira medicinske pripomo\u010dke, namenjene novorojen\u010dkom. Absolutno popolnost na vseh ravneh, omogo\u010da tesno sodelovanje z zdravstvenimi organizacijami in stalno spremljanje tehnolo\u0161kih re\u0161itev. Mediprema nudi in zagotavlja bolni\u0161kemu okolju najkakovostnej\u0161o opremo, najvi\u0161je zmogljivosti glede na funkcionalne in varnostne zahteve. Zajema medicinska podro\u010dja vse od porodni\u0161tva pa do intenzivne nege novorojen\u010dkov.[\/vc_column_text][\/vc_column][vc_column width=&#8221;1\/6&#8243; el_class=&#8221;c2&#8243;][vc_single_image image=&#8221;800&#8243;][vc_column_text]<\/p>\n<p style=\"text-align: center;\"><a href=\"https:\/\/www.mediprema.com\/\"><strong>www.mediprema.com<\/strong><\/a><\/p>\n<p>[\/vc_column_text][\/vc_column][\/vc_row][vc_row][vc_column][vc_empty_space][\/vc_column][\/vc_row][vc_row][vc_column][vc_column_text]<\/p>\n<h2>Products<\/h2>\n<p>[\/vc_column_text][vc_separator]<div class=\"loop-container loop-container-products  \"><p>izdelek ne obstaja<\/p><\/div>[\/vc_column][\/vc_row][vc_row][vc_column][vc_empty_space][\/vc_column][\/vc_row]<\/p>\n<\/section>","protected":false},"excerpt":{"rendered":"<p>[vc_row full_width=&#8221;stretch_row_content_no_spaces&#8221; el_class=&#8221;sp-page-title&#8221;][vc_column][\/vc_column][\/vc_row][vc_row el_class=&#8221;sp-intro-brand&#8221;][vc_column width=&#8221;5\/6&#8243; el_class=&#8221;c1&#8243;][vc_column_text]Podjetje Mediprema je specializirano za medicinsko podro\u010dje neonatalne terapije. Oblikuje, proizvaja in distribuira medicinske pripomo\u010dke, namenjene novorojen\u010dkom. Absolutno popolnost na vseh ravneh, omogo\u010da tesno sodelovanje z zdravstvenimi organizacijami in stalno spremljanje tehnolo\u0161kih re\u0161itev. Mediprema nudi in zagotavlja bolni\u0161kemu okolju najkakovostnej\u0161o opremo, najvi\u0161je zmogljivosti glede na funkcionalne in varnostne zahteve. Zajema medicinska podro\u010dja vse od porodni\u0161tva pa do intenzivne nege novorojen\u010dkov.[\/vc_column_text][\/vc_column][vc_column width=&#8221;1\/6&#8243; el_class=&#8221;c2&#8243;][vc_single_image image=&#8221;800&#8243;][vc_column_text] www.mediprema.com [\/vc_column_text][\/vc_column][\/vc_row][vc_row][vc_column][vc_empty_space][\/vc_column][\/vc_row][vc_row][vc_column][vc_column_text] Products [\/vc_column_text][vc_separator][\/vc_column][\/vc_row][vc_row][vc_column][vc_empty_space][\/vc_column][\/vc_row]<\/p>\n","protected":false},"author":1,"featured_media":801,"parent":2119,"menu_order":10,"comment_status":"closed","ping_status":"closed","template":"","meta":[],"_links":{"self":[{"href":"https:\/\/www.medico-eng.com\/en\/wp-json\/wp\/v2\/pages\/2112"}],"collection":[{"href":"https:\/\/www.medico-eng.com\/en\/wp-json\/wp\/v2\/pages"}],"about":[{"href":"https:\/\/www.medico-eng.com\/en\/wp-json\/wp\/v2\/types\/page"}],"author":[{"embeddable":true,"href":"https:\/\/www.medico-eng.com\/en\/wp-json\/wp\/v2\/users\/1"}],"replies":[{"embeddable":true,"href":"https:\/\/www.medico-eng.com\/en\/wp-json\/wp\/v2\/comments?post=2112"}],"version-history":[{"count":0,"href":"https:\/\/www.medico-eng.com\/en\/wp-json\/wp\/v2\/pages\/2112\/revisions"}],"up":[{"embeddable":true,"href":"https:\/\/www.medico-eng.com\/en\/wp-json\/wp\/v2\/pages\/2119"}],"wp:featuredmedia":[{"embeddable":true,"href":"https:\/\/www.medico-eng.com\/en\/wp-json\/wp\/v2\/media\/801"}],"wp:attachment":[{"href":"https:\/\/www.medico-eng.com\/en\/wp-json\/wp\/v2\/media?parent=2112"}],"curies":[{"name":"wp","href":"https:\/\/api.w.org\/{rel}","templated":true}]}}