{"id":2113,"date":"2023-07-13T08:42:06","date_gmt":"2023-07-13T08:42:06","guid":{"rendered":"https:\/\/www.medico-eng.com\/handicare\/"},"modified":"2023-09-28T09:22:41","modified_gmt":"2023-09-28T09:22:41","slug":"handicare","status":"publish","type":"page","link":"https:\/\/www.medico-eng.com\/en\/representations\/handicare\/","title":{"rendered":"Handicare"},"content":{"rendered":"<section class=\"wpb-content-wrapper\"><p>[vc_row full_width=&#8221;stretch_row_content_no_spaces&#8221; el_class=&#8221;sp-page-title&#8221;][vc_column]\t\t\n\t\t\t\t<div class=\"title-banner\" style=\"background-image: linear-gradient(to right, rgba(3, 64, 137, 0) 0%, rgba(67, 122, 190, 0) 60%, rgba(48, 219, 208, 0) 100%),url();\">\n\t\t\t<div class=\"container\">\n\t\t\t\t<div class=\"breadcrumbs-container\">\n\t\t\t\t\t\t<div class=\"breadcrumbs\">\n\t\t\t\t\t\t\t\n\t<ul class=\"ns-breadcrumbs\">\n\t\t\t<li><a href=\"https:\/\/www.medico-eng.com\/en\/\">Home<\/a><\/li>\n\t\t\t\t\t<li><a href=\"https:\/\/www.medico-eng.com\/en\/representations\/\">Representations<\/a><\/li>\n\t\t\t\t<li>Handicare<\/li>\n\t<\/ul>\n\t\n\t\t\t\t\t\t\t\t<div class=\"clearfix\"><\/div>\n\t\t\t\t\t\t<\/div>\n\t\t\t\t<\/div>\n\t\t\t\t\t\t\t\t\t<h1 class=\"entry-title\">Handicare<\/h1>\n\t\t\t\t\t\t\t\t\t\t\t<\/div>\n\t\t<\/div>\n\n\t\t[\/vc_column][\/vc_row][vc_row el_class=&#8221;sp-intro-brand&#8221;][vc_column width=&#8221;5\/6&#8243; el_class=&#8221;c1&#8243;][vc_column_text]Handicare ponuja re\u0161itve in podporo za pove\u010danje neodvisnosti invalidov in starej\u0161ih ter izbolj\u0161anje udobja tistim, ki za njih skrbijo. Njihova \u0161iroka paleta visoko kakovostnih izdelkov vklju\u010duje razli\u010dne invalidske vozi\u010dke za manualno in elektri\u010dno uporabo, skuterje, sedalne sisteme, sisteme za prevoz in prenos bolnikov, dvi\u017ene in nastavljive stole, ter kopalni\u0161ke in strani\u0161\u010dne sisteme.<\/p>\n<p>Sistem RoMedic \u02ddje ima za\u02dd podjetje Handicare, kot edinstven in enostaven koncept transporta. Na trgu velja za naj\u0161ir\u0161i in najbolj celovit nabor inteligentnih, enostavnih za uporabo in varnih pripomo\u010dkov za podporo in pomo\u010d gibalno oviranim pacientom, za vse vrste transferja in manevriranja. Filozofija Sistema RoMedic je osredoto\u010dena na prepre\u010devanje in zmanj\u0161evanje po\u0161kodb pri delu, hkrati pa uporabnikom dopu\u0161\u010da mo\u017enost, da okusijo veliko neodvisnost in dostojanstvo. Skozi edinstveno kombinacijo izobra\u017eevanja, usposabljanja in celovitega nabora u\u010dinkovitega prenosa mo\u010di, Sistem RoMedic ponuja izbolj\u0161ave na delovnem okolju in kakovosti oskrbe, hkrati pa dosega znatne prihranke stro\u0161kov.<\/p>\n<p>Sistem RoMedic je celovita re\u0161itev, ki oskrbuje ve\u010dino pacientovih zahtev transporta. Vse od najpreprostej\u0161ih do najbolj zapletenih, od najla\u017ejih in do najte\u017ejih scenarijev. Koncept zajema \u0161tiri razli\u010dne kategorije transporta:<\/p>\n<ul>\n<li>Transfer (preme\u0161\u010danje), za transport uporabnikov med dvema lokacijama.<\/li>\n<li>Positioning (name\u0161\u010danje) \u00a0za repozicioniranje uporabnikov na isti lokaciji.<\/li>\n<li>Support (podpora) za pomo\u010d pri mobilizaciji uporabnikov pri spreminjanju polo\u017eaja iz sede\u010dega v stoje\u010de stanje in pri u\u010denju hoje.<\/li>\n<li>Lifting (dvigovanje), za ro\u010dno ali mehansko dvigovanje uporabnikov.<\/li>\n<\/ul>\n<p>Ready for Life (pripravljen za \u017eivljenje), je nova serija izdelkov za izbolj\u0161anje \u017eivljenjskih funkcij za vse uporabnike. Serija ponuja kakovostne, funkcionalne, u\u010dinkovite in cenovno ugodne izdelke. Izdelki za transfer se lahko uporabljajo samostojno ali kot dodatek k proizvodom sistema RoMedic.[\/vc_column_text][\/vc_column][vc_column width=&#8221;1\/6&#8243; el_class=&#8221;c2&#8243;][vc_single_image image=&#8221;674&#8243;][vc_column_text]<\/p>\n<p style=\"text-align: center;\"><a href=\"https:\/\/www.handicaregroup.com\/\" target=\"_blank\" rel=\"noopener\"><strong>www.handicaregroup.com<\/strong><\/a><\/p>\n<p>[\/vc_column_text][\/vc_column][\/vc_row][vc_row][vc_column][vc_empty_space][\/vc_column][\/vc_row][vc_row][vc_column][vc_column_text]<\/p>\n<h2>Products<\/h2>\n<p>[\/vc_column_text][vc_separator]<div class=\"loop-container loop-container-products  \"><p>izdelek ne obstaja<\/p><\/div>[\/vc_column][\/vc_row][vc_row][vc_column][vc_empty_space][\/vc_column][\/vc_row]<\/p>\n<\/section>","protected":false},"excerpt":{"rendered":"<p>[vc_row full_width=&#8221;stretch_row_content_no_spaces&#8221; el_class=&#8221;sp-page-title&#8221;][vc_column][\/vc_column][\/vc_row][vc_row el_class=&#8221;sp-intro-brand&#8221;][vc_column width=&#8221;5\/6&#8243; el_class=&#8221;c1&#8243;][vc_column_text]Handicare ponuja re\u0161itve in podporo za pove\u010danje neodvisnosti invalidov in starej\u0161ih ter izbolj\u0161anje udobja tistim, ki za njih skrbijo. Njihova \u0161iroka paleta visoko kakovostnih izdelkov vklju\u010duje razli\u010dne invalidske vozi\u010dke za manualno in elektri\u010dno uporabo, skuterje, sedalne sisteme, sisteme za prevoz in prenos bolnikov, dvi\u017ene in nastavljive stole, ter kopalni\u0161ke in strani\u0161\u010dne sisteme. Sistem RoMedic \u02ddje ima za\u02dd podjetje Handicare, kot edinstven in enostaven koncept transporta. Na trgu velja za naj\u0161ir\u0161i in najbolj celovit nabor inteligentnih, enostavnih za uporabo in varnih pripomo\u010dkov za podporo in pomo\u010d gibalno oviranim pacientom, za vse vrste transferja in manevriranja. Filozofija Sistema RoMedic je osredoto\u010dena na prepre\u010devanje in zmanj\u0161evanje po\u0161kodb pri delu, hkrati pa uporabnikom dopu\u0161\u010da mo\u017enost, da okusijo veliko neodvisnost [&hellip;]<\/p>\n","protected":false},"author":1,"featured_media":675,"parent":2119,"menu_order":14,"comment_status":"closed","ping_status":"closed","template":"","meta":[],"_links":{"self":[{"href":"https:\/\/www.medico-eng.com\/en\/wp-json\/wp\/v2\/pages\/2113"}],"collection":[{"href":"https:\/\/www.medico-eng.com\/en\/wp-json\/wp\/v2\/pages"}],"about":[{"href":"https:\/\/www.medico-eng.com\/en\/wp-json\/wp\/v2\/types\/page"}],"author":[{"embeddable":true,"href":"https:\/\/www.medico-eng.com\/en\/wp-json\/wp\/v2\/users\/1"}],"replies":[{"embeddable":true,"href":"https:\/\/www.medico-eng.com\/en\/wp-json\/wp\/v2\/comments?post=2113"}],"version-history":[{"count":0,"href":"https:\/\/www.medico-eng.com\/en\/wp-json\/wp\/v2\/pages\/2113\/revisions"}],"up":[{"embeddable":true,"href":"https:\/\/www.medico-eng.com\/en\/wp-json\/wp\/v2\/pages\/2119"}],"wp:featuredmedia":[{"embeddable":true,"href":"https:\/\/www.medico-eng.com\/en\/wp-json\/wp\/v2\/media\/675"}],"wp:attachment":[{"href":"https:\/\/www.medico-eng.com\/en\/wp-json\/wp\/v2\/media?parent=2113"}],"curies":[{"name":"wp","href":"https:\/\/api.w.org\/{rel}","templated":true}]}}