{"id":2116,"date":"2023-07-13T08:42:05","date_gmt":"2023-07-13T08:42:05","guid":{"rendered":"https:\/\/www.medico-eng.com\/maquet\/"},"modified":"2023-09-28T09:14:53","modified_gmt":"2023-09-28T09:14:53","slug":"maquet","status":"publish","type":"page","link":"https:\/\/www.medico-eng.com\/en\/representations\/maquet\/","title":{"rendered":"Getinge Maquet"},"content":{"rendered":"<section class=\"wpb-content-wrapper\"><p>[vc_row full_width=&#8221;stretch_row_content_no_spaces&#8221; el_class=&#8221;sp-page-title&#8221;][vc_column]\t\t\n\t\t\t\t<div class=\"title-banner\" style=\"background-image: linear-gradient(to right, rgba(3, 64, 137, 0) 0%, rgba(67, 122, 190, 0) 60%, rgba(48, 219, 208, 0) 100%),url();\">\n\t\t\t<div class=\"container\">\n\t\t\t\t<div class=\"breadcrumbs-container\">\n\t\t\t\t\t\t<div class=\"breadcrumbs\">\n\t\t\t\t\t\t\t\n\t<ul class=\"ns-breadcrumbs\">\n\t\t\t<li><a href=\"https:\/\/www.medico-eng.com\/en\/\">Home<\/a><\/li>\n\t\t\t\t\t<li><a href=\"https:\/\/www.medico-eng.com\/en\/representations\/\">Representations<\/a><\/li>\n\t\t\t\t<li>Getinge Maquet<\/li>\n\t<\/ul>\n\t\n\t\t\t\t\t\t\t\t<div class=\"clearfix\"><\/div>\n\t\t\t\t\t\t<\/div>\n\t\t\t\t<\/div>\n\t\t\t\t\t\t\t\t\t<h1 class=\"entry-title\">Getinge Maquet<\/h1>\n\t\t\t\t\t\t\t\t\t\t\t<\/div>\n\t\t<\/div>\n\n\t\t[\/vc_column][\/vc_row][vc_row el_class=&#8221;sp-intro-brand&#8221;][vc_column width=&#8221;5\/6&#8243; el_class=&#8221;c1&#8243;][vc_column_text]Kot zaupanja vreden partner za bolni\u0161nice in klinike vse od leta 1838, je <strong>Maquet vodilno podjetje na podro\u010dju zdravstvenih sistemov<\/strong>, ki pospe\u0161uje kirur\u0161ke posege, kardiovaskularne postopke in kriti\u010dno oskrbo. Maquet razvija in oblikuje inovativne izdelke in terapevtske aplikacije za izbolj\u0161anje rezultatov in kakovosti \u017eivljenjskih funkcij pacienta. Podjetje je osredoto\u010deno na bolni\u0161ni\u010dna podro\u010dja natan\u010dneje na oddelke operacijskih dvoran, hibridnih operacijskih dvoran, oddelkov za intenzivno nego in transportu pacientov pri akutni negi.<\/p>\n<p><strong>Getinge group<\/strong> je vodilni svetovni ponudnik izdelkov in sistemov, ki prispevajo k izbolj\u0161anju kakovosti in stro\u0161kovne u\u010dinkovitosti v zdravstvu in medicinski znanosti. Podjetje deluje v okviru treh blagovnih znamk ki so <strong>ArjoHuntleigh, Getinge in Maquet<\/strong>. ArjoHuntleigh je osredoto\u010deno na transport pacientov. Getinge ponuja re\u0161itve nadzora infekcij v zdravstvenem varstvu in prepre\u010devanje onesna\u017eevanja v medicinski znanosti. Maquet je specializirano za solucije, terapijo in produkte za kirur\u0161ke posege in intenzivno medicino.[\/vc_column_text][\/vc_column][vc_column width=&#8221;1\/6&#8243; el_class=&#8221;c2&#8243;][vc_single_image image=&#8221;782&#8243;][vc_column_text]<\/p>\n<p style=\"text-align: center;\"><strong><a href=\"https:\/\/www.getinge.com\/\" target=\"_blank\" rel=\"noopener\">www.getinge.com<\/a><\/strong><\/p>\n<p>[\/vc_column_text][\/vc_column][\/vc_row][vc_row][vc_column][vc_empty_space][\/vc_column][\/vc_row][vc_row][vc_column][vc_column_text]<\/p>\n<h2>Products<\/h2>\n<p>[\/vc_column_text][vc_separator]<div class=\"loop-container loop-container-products  \"><p>izdelek ne obstaja<\/p><\/div>[\/vc_column][\/vc_row][vc_row][vc_column][vc_empty_space][\/vc_column][\/vc_row]<\/p>\n<\/section>","protected":false},"excerpt":{"rendered":"<p>[vc_row full_width=&#8221;stretch_row_content_no_spaces&#8221; el_class=&#8221;sp-page-title&#8221;][vc_column][\/vc_column][\/vc_row][vc_row el_class=&#8221;sp-intro-brand&#8221;][vc_column width=&#8221;5\/6&#8243; el_class=&#8221;c1&#8243;][vc_column_text]Kot zaupanja vreden partner za bolni\u0161nice in klinike vse od leta 1838, je Maquet vodilno podjetje na podro\u010dju zdravstvenih sistemov, ki pospe\u0161uje kirur\u0161ke posege, kardiovaskularne postopke in kriti\u010dno oskrbo. Maquet razvija in oblikuje inovativne izdelke in terapevtske aplikacije za izbolj\u0161anje rezultatov in kakovosti \u017eivljenjskih funkcij pacienta. Podjetje je osredoto\u010deno na bolni\u0161ni\u010dna podro\u010dja natan\u010dneje na oddelke operacijskih dvoran, hibridnih operacijskih dvoran, oddelkov za intenzivno nego in transportu pacientov pri akutni negi. Getinge group je vodilni svetovni ponudnik izdelkov in sistemov, ki prispevajo k izbolj\u0161anju kakovosti in stro\u0161kovne u\u010dinkovitosti v zdravstvu in medicinski znanosti. Podjetje deluje v okviru treh blagovnih znamk ki so ArjoHuntleigh, Getinge in Maquet. ArjoHuntleigh je osredoto\u010deno na transport pacientov. Getinge ponuja re\u0161itve nadzora [&hellip;]<\/p>\n","protected":false},"author":1,"featured_media":783,"parent":2119,"menu_order":1,"comment_status":"closed","ping_status":"closed","template":"","meta":[],"_links":{"self":[{"href":"https:\/\/www.medico-eng.com\/en\/wp-json\/wp\/v2\/pages\/2116"}],"collection":[{"href":"https:\/\/www.medico-eng.com\/en\/wp-json\/wp\/v2\/pages"}],"about":[{"href":"https:\/\/www.medico-eng.com\/en\/wp-json\/wp\/v2\/types\/page"}],"author":[{"embeddable":true,"href":"https:\/\/www.medico-eng.com\/en\/wp-json\/wp\/v2\/users\/1"}],"replies":[{"embeddable":true,"href":"https:\/\/www.medico-eng.com\/en\/wp-json\/wp\/v2\/comments?post=2116"}],"version-history":[{"count":0,"href":"https:\/\/www.medico-eng.com\/en\/wp-json\/wp\/v2\/pages\/2116\/revisions"}],"up":[{"embeddable":true,"href":"https:\/\/www.medico-eng.com\/en\/wp-json\/wp\/v2\/pages\/2119"}],"wp:featuredmedia":[{"embeddable":true,"href":"https:\/\/www.medico-eng.com\/en\/wp-json\/wp\/v2\/media\/783"}],"wp:attachment":[{"href":"https:\/\/www.medico-eng.com\/en\/wp-json\/wp\/v2\/media?parent=2116"}],"curies":[{"name":"wp","href":"https:\/\/api.w.org\/{rel}","templated":true}]}}