{"id":2117,"date":"2023-07-13T08:42:05","date_gmt":"2023-07-13T08:42:05","guid":{"rendered":"https:\/\/www.medico-eng.com\/baxter-hill-rom\/"},"modified":"2023-09-28T09:15:07","modified_gmt":"2023-09-28T09:15:07","slug":"baxter-hill-rom","status":"publish","type":"page","link":"https:\/\/www.medico-eng.com\/en\/representations\/baxter-hill-rom\/","title":{"rendered":"Baxter Hill-Rom"},"content":{"rendered":"<section class=\"wpb-content-wrapper\"><p>[vc_row full_width=&#8221;stretch_row_content_no_spaces&#8221; el_class=&#8221;sp-page-title&#8221;][vc_column]\t\t\n\t\t\t\t<div class=\"title-banner\" style=\"background-image: linear-gradient(to right, rgba(3, 64, 137, 0) 0%, rgba(67, 122, 190, 0) 60%, rgba(48, 219, 208, 0) 100%),url();\">\n\t\t\t<div class=\"container\">\n\t\t\t\t<div class=\"breadcrumbs-container\">\n\t\t\t\t\t\t<div class=\"breadcrumbs\">\n\t\t\t\t\t\t\t\n\t<ul class=\"ns-breadcrumbs\">\n\t\t\t<li><a href=\"https:\/\/www.medico-eng.com\/en\/\">Home<\/a><\/li>\n\t\t\t\t\t<li><a href=\"https:\/\/www.medico-eng.com\/en\/representations\/\">Representations<\/a><\/li>\n\t\t\t\t<li>Baxter Hill-Rom<\/li>\n\t<\/ul>\n\t\n\t\t\t\t\t\t\t\t<div class=\"clearfix\"><\/div>\n\t\t\t\t\t\t<\/div>\n\t\t\t\t<\/div>\n\t\t\t\t\t\t\t\t\t<h1 class=\"entry-title\">Baxter Hill-Rom<\/h1>\n\t\t\t\t\t\t\t\t\t\t\t<\/div>\n\t\t<\/div>\n\n\t\t[\/vc_column][\/vc_row][vc_row el_class=&#8221;sp-intro-brand&#8221;][vc_column width=&#8221;5\/6&#8243; el_class=&#8221;c1&#8243;][vc_column_text]Hill-Rom predstavlja standard visoko u\u010dinkovitih, inteligentnih posteljnih sistemov med katerimi ima ve\u010d kot milijon vseh vrst bolni\u0161kih postelj v uporabi po vsem svetu. Je zelo pomemben inovator na podro\u010dju medicinske tehnologije, nudi medicinsko opremo in medicinske pripomo\u010dke za izbolj\u0161anje rezultatov negovalcev in njihovih pacientov.<\/p>\n<p>Hill-Rom je ve\u010d kot podjetje s proizvodnjo bolni\u0161ni\u010dnih postelj. Je partner, ki pomaga pri doseganju rezultatov v okolju zdravstvenega varstva vse od kriti\u010dne zdravni\u0161ke oskrbe pa do doma\u010de nege. Svojim strankam omogo\u010da, da zadostijo njihovim zdravstvenim ciljem in se s tem dotaknejo \u010dlove\u0161kih \u017eivljenj, z nenehnimi izbolj\u0161avami rezultatov na podro\u010dju medicinske tehnologije in medicinske opreme.[\/vc_column_text][\/vc_column][vc_column width=&#8221;1\/6&#8243; el_class=&#8221;c2&#8243;][vc_single_image image=&#8221;784&#8243; alignment=&#8221;right&#8221; onclick=&#8221;custom_link&#8221; img_link_target=&#8221;_blank&#8221; link=&#8221;https:\/\/www.hillrom.com\/en\/products\/?gatag=products&#8221;][vc_column_text]<\/p>\n<p style=\"text-align: center;\"><strong><a href=\"https:\/\/www.hillrom.com\/en\/products\/?gatag=products\" target=\"_blank\" rel=\"noopener\">www.hillrom.com<\/a><\/strong><\/p>\n<p>[\/vc_column_text][\/vc_column][\/vc_row][vc_row][vc_column][vc_empty_space][\/vc_column][\/vc_row][vc_row][vc_column][vc_column_text]<\/p>\n<h2>Products<\/h2>\n<p>[\/vc_column_text][vc_separator]<div class=\"loop-container loop-container-products  \"><p>izdelek ne obstaja<\/p><\/div>[\/vc_column][\/vc_row][vc_row][vc_column][vc_empty_space][\/vc_column][\/vc_row]<\/p>\n<\/section>","protected":false},"excerpt":{"rendered":"<p>[vc_row full_width=&#8221;stretch_row_content_no_spaces&#8221; el_class=&#8221;sp-page-title&#8221;][vc_column][\/vc_column][\/vc_row][vc_row el_class=&#8221;sp-intro-brand&#8221;][vc_column width=&#8221;5\/6&#8243; el_class=&#8221;c1&#8243;][vc_column_text]Hill-Rom predstavlja standard visoko u\u010dinkovitih, inteligentnih posteljnih sistemov med katerimi ima ve\u010d kot milijon vseh vrst bolni\u0161kih postelj v uporabi po vsem svetu. Je zelo pomemben inovator na podro\u010dju medicinske tehnologije, nudi medicinsko opremo in medicinske pripomo\u010dke za izbolj\u0161anje rezultatov negovalcev in njihovih pacientov. Hill-Rom je ve\u010d kot podjetje s proizvodnjo bolni\u0161ni\u010dnih postelj. Je partner, ki pomaga pri doseganju rezultatov v okolju zdravstvenega varstva vse od kriti\u010dne zdravni\u0161ke oskrbe pa do doma\u010de nege. Svojim strankam omogo\u010da, da zadostijo njihovim zdravstvenim ciljem in se s tem dotaknejo \u010dlove\u0161kih \u017eivljenj, z nenehnimi izbolj\u0161avami rezultatov na podro\u010dju medicinske tehnologije in medicinske opreme.[\/vc_column_text][\/vc_column][vc_column width=&#8221;1\/6&#8243; el_class=&#8221;c2&#8243;][vc_single_image image=&#8221;784&#8243; alignment=&#8221;right&#8221; onclick=&#8221;custom_link&#8221; img_link_target=&#8221;_blank&#8221; link=&#8221;https:\/\/www.hillrom.com\/en\/products\/?gatag=products&#8221;][vc_column_text] www.hillrom.com [\/vc_column_text][\/vc_column][\/vc_row][vc_row][vc_column][vc_empty_space][\/vc_column][\/vc_row][vc_row][vc_column][vc_column_text] Products [\/vc_column_text][vc_separator][\/vc_column][\/vc_row][vc_row][vc_column][vc_empty_space][\/vc_column][\/vc_row]<\/p>\n","protected":false},"author":1,"featured_media":785,"parent":2119,"menu_order":2,"comment_status":"closed","ping_status":"closed","template":"","meta":[],"_links":{"self":[{"href":"https:\/\/www.medico-eng.com\/en\/wp-json\/wp\/v2\/pages\/2117"}],"collection":[{"href":"https:\/\/www.medico-eng.com\/en\/wp-json\/wp\/v2\/pages"}],"about":[{"href":"https:\/\/www.medico-eng.com\/en\/wp-json\/wp\/v2\/types\/page"}],"author":[{"embeddable":true,"href":"https:\/\/www.medico-eng.com\/en\/wp-json\/wp\/v2\/users\/1"}],"replies":[{"embeddable":true,"href":"https:\/\/www.medico-eng.com\/en\/wp-json\/wp\/v2\/comments?post=2117"}],"version-history":[{"count":0,"href":"https:\/\/www.medico-eng.com\/en\/wp-json\/wp\/v2\/pages\/2117\/revisions"}],"up":[{"embeddable":true,"href":"https:\/\/www.medico-eng.com\/en\/wp-json\/wp\/v2\/pages\/2119"}],"wp:featuredmedia":[{"embeddable":true,"href":"https:\/\/www.medico-eng.com\/en\/wp-json\/wp\/v2\/media\/785"}],"wp:attachment":[{"href":"https:\/\/www.medico-eng.com\/en\/wp-json\/wp\/v2\/media?parent=2117"}],"curies":[{"name":"wp","href":"https:\/\/api.w.org\/{rel}","templated":true}]}}